{"id":27,"date":"2025-01-30T17:07:00","date_gmt":"2025-01-30T17:07:00","guid":{"rendered":"https:\/\/minimaxglobalsolutions.com\/?page_id=27"},"modified":"2025-01-30T17:37:11","modified_gmt":"2025-01-30T17:37:11","slug":"services","status":"publish","type":"page","link":"https:\/\/minimaxglobalsolutions.com\/fr\/services\/","title":{"rendered":"Services"},"content":{"rendered":"<p>Minimax Global Solutions offre une vaste gamme de services en plus du LTL et du TL. Nous nous sp\u00e9cialisons dans tous les modes de transport, avec un solide r\u00e9seau de transporteurs afin de desservir tous les march\u00e9s. Demandez-nous comment nous pouvons vous aider pour l\u2019ensemble de vos besoins en transport.<\/p>\n\n\n\n<ul class=\"wp-block-list\">\n<li>Nous croyons au recrutement de transporteurs dont le mod\u00e8le d\u2019affaires partage des valeurs similaires aux n\u00f4tres. Cela nous permet de nous assurer que vos meilleurs int\u00e9r\u00eats sont toujours au c\u0153ur de nos priorit\u00e9s.<\/li>\n\n\n\n<li>Notre vaste r\u00e9seau peut vous aider, peu importe l\u2019emplacement de votre marchandise.<\/li>\n\n\n\n<li>Notre flexibilit\u00e9 et notre r\u00e9seau en constante expansion signifient que vous pouvez compter sur nous lorsque vous en avez le plus besoin.<\/li>\n\n\n\n<li>Quel que soit le mode ou le moyen de transport dont vous avez besoin, nous avons la solution.<\/li>\n\n\n\n<li>Curieux de conna\u00eetre vos options? Notre \u00e9quipe peut vous pr\u00e9senter plusieurs solutions adapt\u00e9es \u00e0 votre situation unique.<\/li>\n\n\n\n<li>Nous sommes des r\u00e9solveurs de probl\u00e8mes.<\/li>\n<\/ul>","protected":false},"excerpt":{"rendered":"<p>Minimax Global Solutions offre une vaste gamme de services en plus du LTL et du TL. Nous nous sp\u00e9cialisons dans tous les modes de transport, avec un solide r\u00e9seau de transporteurs afin de desservir tous les march\u00e9s. Demandez-nous comment nous pouvons vous aider pour l\u2019ensemble de vos besoins en transport.<\/p>","protected":false},"author":1,"featured_media":0,"parent":0,"menu_order":0,"comment_status":"closed","ping_status":"closed","template":"","meta":{"_et_pb_use_builder":"off","_et_pb_old_content":"","_et_gb_content_width":"","footnotes":""},"class_list":["post-27","page","type-page","status-publish","hentry"],"_links":{"self":[{"href":"https:\/\/minimaxglobalsolutions.com\/fr\/wp-json\/wp\/v2\/pages\/27","targetHints":{"allow":["GET"]}}],"collection":[{"href":"https:\/\/minimaxglobalsolutions.com\/fr\/wp-json\/wp\/v2\/pages"}],"about":[{"href":"https:\/\/minimaxglobalsolutions.com\/fr\/wp-json\/wp\/v2\/types\/page"}],"author":[{"embeddable":true,"href":"https:\/\/minimaxglobalsolutions.com\/fr\/wp-json\/wp\/v2\/users\/1"}],"replies":[{"embeddable":true,"href":"https:\/\/minimaxglobalsolutions.com\/fr\/wp-json\/wp\/v2\/comments?post=27"}],"version-history":[{"count":2,"href":"https:\/\/minimaxglobalsolutions.com\/fr\/wp-json\/wp\/v2\/pages\/27\/revisions"}],"predecessor-version":[{"id":73,"href":"https:\/\/minimaxglobalsolutions.com\/fr\/wp-json\/wp\/v2\/pages\/27\/revisions\/73"}],"wp:attachment":[{"href":"https:\/\/minimaxglobalsolutions.com\/fr\/wp-json\/wp\/v2\/media?parent=27"}],"curies":[{"name":"wp","href":"https:\/\/api.w.org\/{rel}","templated":true}]}}