{"id":38,"date":"2025-01-30T17:13:52","date_gmt":"2025-01-30T17:13:52","guid":{"rendered":"https:\/\/minimaxglobalsolutions.com\/?page_id=38"},"modified":"2026-03-04T14:39:07","modified_gmt":"2026-03-04T19:39:07","slug":"track-and-trace","status":"publish","type":"page","link":"https:\/\/minimaxglobalsolutions.com\/fr\/services\/track-and-trace\/","title":{"rendered":"Suivi et tra\u00e7abilit\u00e9"},"content":{"rendered":"<h2 class=\"wp-block-heading has-text-align-center\">Nous avons cr\u00e9\u00e9 plusieurs fa\u00e7ons pour vous permettre de suivre et de retracer votre exp\u00e9dition.<\/h2>\n\n\n\n<h2 class=\"wp-block-heading\">Notification par courriel<\/h2>\n\n\n\n<p>Gr\u00e2ce \u00e0 notre syst\u00e8me TMS, nous pouvons configurer pour vous et votre \u00e9quipe des mises \u00e0 jour de statut, allant d\u2019une simple confirmation de livraison \u00e0 des notifications plus avanc\u00e9es permettant de suivre en temps r\u00e9el chaque mise \u00e0 jour de statut dont vous avez besoin.<\/p>\n\n\n\n<h2 class=\"wp-block-heading\">Portail client en ligne<\/h2>\n\n\n\n<p>Portail client en ligne<\/p>\n\n\n\n<p>\u00c0 partir du Portail client, vous avez acc\u00e8s au clavardage en direct avec l\u2019un de nos repr\u00e9sentants. Vous pouvez imprimer vos propres connaissements (BOL), \u00e9tiquettes, et recevoir des mises \u00e0 jour de statut directement dans le syst\u00e8me. Vous pouvez \u00e9galement r\u00e9cup\u00e9rer vos documents sign\u00e9s (BOL, POD) et t\u00e9l\u00e9verser des documents personnalis\u00e9s.\n\nAllez encore plus loin en r\u00e9servant vos propres commandes \u00e0 partir des tarifs que vous avez demand\u00e9s et en imprimant vos propres factures.<\/p>\n\n\n\n<figure class=\"wp-block-image aligncenter size-large\"><img loading=\"lazy\" decoding=\"async\" width=\"1024\" height=\"486\" src=\"https:\/\/minimaxglobalsolutions.com\/wp-content\/uploads\/2025\/01\/online_customer_portal.png-1024x486.webp\" alt=\"\" class=\"wp-image-76\" srcset=\"https:\/\/minimaxglobalsolutions.com\/wp-content\/uploads\/2025\/01\/online_customer_portal.png-1024x486.webp 1024w, https:\/\/minimaxglobalsolutions.com\/wp-content\/uploads\/2025\/01\/online_customer_portal.png-980x465.webp 980w, https:\/\/minimaxglobalsolutions.com\/wp-content\/uploads\/2025\/01\/online_customer_portal.png-480x228.webp 480w\" sizes=\"(min-width: 0px) and (max-width: 480px) 480px, (min-width: 481px) and (max-width: 980px) 980px, (min-width: 981px) 1024px, 100vw\" \/><\/figure>\n\n\n\n<h2 class=\"wp-block-heading\">Trop de technologie?<\/h2>\n\n\n\n<p>Si vous \u00eates en d\u00e9placement, vous pouvez aussi nous envoyer un courriel \u00e0 <a href=\"mailto:operations@minimaxglobalsolutions.com\">operations@minimaxglobalsolutions.com<\/a> ou appeler au <a href=\"tel:8446651010\">844-665-1010<\/a> et parler avec l\u2019un de nos employ\u00e9s hautement qualifi\u00e9s.<\/p>","protected":false},"excerpt":{"rendered":"<p>We have created many different ways for you to track and trace your shipment Email Notification With our TMS system we can set you and your team up to receive status updates from a simple as delivered to more complex notifications which will live track every status update you require. Online Customer Portal Want to [&hellip;]<\/p>\n","protected":false},"author":1,"featured_media":0,"parent":27,"menu_order":0,"comment_status":"closed","ping_status":"closed","template":"","meta":{"_et_pb_use_builder":"off","_et_pb_old_content":"","_et_gb_content_width":"","footnotes":""},"class_list":["post-38","page","type-page","status-publish","hentry"],"_links":{"self":[{"href":"https:\/\/minimaxglobalsolutions.com\/fr\/wp-json\/wp\/v2\/pages\/38","targetHints":{"allow":["GET"]}}],"collection":[{"href":"https:\/\/minimaxglobalsolutions.com\/fr\/wp-json\/wp\/v2\/pages"}],"about":[{"href":"https:\/\/minimaxglobalsolutions.com\/fr\/wp-json\/wp\/v2\/types\/page"}],"author":[{"embeddable":true,"href":"https:\/\/minimaxglobalsolutions.com\/fr\/wp-json\/wp\/v2\/users\/1"}],"replies":[{"embeddable":true,"href":"https:\/\/minimaxglobalsolutions.com\/fr\/wp-json\/wp\/v2\/comments?post=38"}],"version-history":[{"count":4,"href":"https:\/\/minimaxglobalsolutions.com\/fr\/wp-json\/wp\/v2\/pages\/38\/revisions"}],"predecessor-version":[{"id":1485,"href":"https:\/\/minimaxglobalsolutions.com\/fr\/wp-json\/wp\/v2\/pages\/38\/revisions\/1485"}],"up":[{"embeddable":true,"href":"https:\/\/minimaxglobalsolutions.com\/fr\/wp-json\/wp\/v2\/pages\/27"}],"wp:attachment":[{"href":"https:\/\/minimaxglobalsolutions.com\/fr\/wp-json\/wp\/v2\/media?parent=38"}],"curies":[{"name":"wp","href":"https:\/\/api.w.org\/{rel}","templated":true}]}}