{"id":40,"date":"2025-01-30T17:14:12","date_gmt":"2025-01-30T17:14:12","guid":{"rendered":"https:\/\/minimaxglobalsolutions.com\/?page_id=40"},"modified":"2025-01-30T17:26:14","modified_gmt":"2025-01-30T17:26:14","slug":"ltl-services","status":"publish","type":"page","link":"https:\/\/minimaxglobalsolutions.com\/fr\/services\/ltl-services\/","title":{"rendered":"Services de chargement partiel (LTL)"},"content":{"rendered":"<p>Nous avons acc\u00e8s \u00e0 tous les transporteurs LTL r\u00e9put\u00e9s \u00e0 travers l\u2019Am\u00e9rique du Nord. L\u2019avantage du LTL est de livrer la bonne quantit\u00e9 de produits au client \u00e0 un co\u00fbt r\u00e9duit.<\/p>\n\n\n\n<p>Les transporteurs LTL livrent g\u00e9n\u00e9ralement les exp\u00e9ditions entre 8 h et midi. Les ramassages commencent une fois leurs tourn\u00e9es compl\u00e9t\u00e9es.<\/p>\n\n\n\n<p>Fournir une fen\u00eatre de ramassage la veille ou le matin m\u00eame permet au transporteur de planifier votre commande. Un conseil important est de fournir des mesures pr\u00e9cises des palettes, bo\u00eetes ou autres param\u00e8tres de l\u2019exp\u00e9dition. Des mesures exactes permettent d\u2019obtenir une soumission pr\u00e9cise et aident les r\u00e9partiteurs \u00e0 planifier l\u2019espace sur chaque remorque. Nous sommes toujours l\u00e0 pour vous aider si vous n\u2019\u00eates pas familier avec le LTL \u2014 n\u2019h\u00e9sitez pas \u00e0 communiquer avec nous, nous vous y encourageons.<\/p>","protected":false},"excerpt":{"rendered":"<p>We have access to all the reputable LTL carriers across North America. The advantage of LTL is getting the right amount of product to the customer at a lower cost. LTL carriers typically deliver shipments between 8 am and noon. Pickups start once their runs are complete. Providing a pickup window the day before or [&hellip;]<\/p>\n","protected":false},"author":1,"featured_media":0,"parent":27,"menu_order":0,"comment_status":"closed","ping_status":"closed","template":"","meta":{"_et_pb_use_builder":"off","_et_pb_old_content":"","_et_gb_content_width":"","footnotes":""},"class_list":["post-40","page","type-page","status-publish","hentry"],"_links":{"self":[{"href":"https:\/\/minimaxglobalsolutions.com\/fr\/wp-json\/wp\/v2\/pages\/40","targetHints":{"allow":["GET"]}}],"collection":[{"href":"https:\/\/minimaxglobalsolutions.com\/fr\/wp-json\/wp\/v2\/pages"}],"about":[{"href":"https:\/\/minimaxglobalsolutions.com\/fr\/wp-json\/wp\/v2\/types\/page"}],"author":[{"embeddable":true,"href":"https:\/\/minimaxglobalsolutions.com\/fr\/wp-json\/wp\/v2\/users\/1"}],"replies":[{"embeddable":true,"href":"https:\/\/minimaxglobalsolutions.com\/fr\/wp-json\/wp\/v2\/comments?post=40"}],"version-history":[{"count":4,"href":"https:\/\/minimaxglobalsolutions.com\/fr\/wp-json\/wp\/v2\/pages\/40\/revisions"}],"predecessor-version":[{"id":48,"href":"https:\/\/minimaxglobalsolutions.com\/fr\/wp-json\/wp\/v2\/pages\/40\/revisions\/48"}],"up":[{"embeddable":true,"href":"https:\/\/minimaxglobalsolutions.com\/fr\/wp-json\/wp\/v2\/pages\/27"}],"wp:attachment":[{"href":"https:\/\/minimaxglobalsolutions.com\/fr\/wp-json\/wp\/v2\/media?parent=40"}],"curies":[{"name":"wp","href":"https:\/\/api.w.org\/{rel}","templated":true}]}}