{"id":49,"date":"2025-01-30T17:27:04","date_gmt":"2025-01-30T17:27:04","guid":{"rendered":"https:\/\/minimaxglobalsolutions.com\/?page_id=49"},"modified":"2025-01-30T17:28:19","modified_gmt":"2025-01-30T17:28:19","slug":"ftl-services","status":"publish","type":"page","link":"https:\/\/minimaxglobalsolutions.com\/fr\/services\/ftl-services\/","title":{"rendered":"Services de chargement complet (FTL)"},"content":{"rendered":"<p>Les transporteurs disposent g\u00e9n\u00e9ralement d\u2019une grande vari\u00e9t\u00e9 de remorques, notamment des remorques de 40\u2019, 48\u2019 ou 53\u2019, afin de vous aider \u00e0 maximiser votre capacit\u00e9. Selon le temps de transit requis ou l\u2019espace\/poids total de l\u2019exp\u00e9dition, le FTL (chargement complet) peut parfois \u00eatre une option plus rapide.<\/p>\n\n\n\n<p>Contrairement au LTL, les chargements complets ne passent g\u00e9n\u00e9ralement pas par des centres de tri. Vous pourriez entendre le terme \u201chook and pin\u201d dans le transport longue distance. Cela se produit lorsqu\u2019un chauffeur d\u00e9pose une remorque et qu\u2019un autre chauffeur termine la livraison. Les services FTL sont id\u00e9aux pour des exp\u00e9ditions sp\u00e9cialis\u00e9es qui sont difficiles \u00e0 manipuler lors du transbordement entre terminaux. Pour du transport d\u00e9di\u00e9 ou acc\u00e9l\u00e9r\u00e9, contactez-nous si vous avez besoin d\u2019aide pour maximiser vos chargements.<\/p>","protected":false},"excerpt":{"rendered":"<p>Typically, carriers have a wide range of trailers at their disposal. 40\u2019, 48\u2019 or 53\u2019 trailers can help you maximize your capacity. Depending on the transit required or the total space\/weight of the shipment at times, FTL is a faster option for you. Unlike LTL, Full truck loads usually do not transfer at hubs. You [&hellip;]<\/p>\n","protected":false},"author":1,"featured_media":0,"parent":27,"menu_order":0,"comment_status":"closed","ping_status":"closed","template":"","meta":{"_et_pb_use_builder":"off","_et_pb_old_content":"","_et_gb_content_width":"","footnotes":""},"class_list":["post-49","page","type-page","status-publish","hentry"],"_links":{"self":[{"href":"https:\/\/minimaxglobalsolutions.com\/fr\/wp-json\/wp\/v2\/pages\/49","targetHints":{"allow":["GET"]}}],"collection":[{"href":"https:\/\/minimaxglobalsolutions.com\/fr\/wp-json\/wp\/v2\/pages"}],"about":[{"href":"https:\/\/minimaxglobalsolutions.com\/fr\/wp-json\/wp\/v2\/types\/page"}],"author":[{"embeddable":true,"href":"https:\/\/minimaxglobalsolutions.com\/fr\/wp-json\/wp\/v2\/users\/1"}],"replies":[{"embeddable":true,"href":"https:\/\/minimaxglobalsolutions.com\/fr\/wp-json\/wp\/v2\/comments?post=49"}],"version-history":[{"count":2,"href":"https:\/\/minimaxglobalsolutions.com\/fr\/wp-json\/wp\/v2\/pages\/49\/revisions"}],"predecessor-version":[{"id":52,"href":"https:\/\/minimaxglobalsolutions.com\/fr\/wp-json\/wp\/v2\/pages\/49\/revisions\/52"}],"up":[{"embeddable":true,"href":"https:\/\/minimaxglobalsolutions.com\/fr\/wp-json\/wp\/v2\/pages\/27"}],"wp:attachment":[{"href":"https:\/\/minimaxglobalsolutions.com\/fr\/wp-json\/wp\/v2\/media?parent=49"}],"curies":[{"name":"wp","href":"https:\/\/api.w.org\/{rel}","templated":true}]}}