{"id":53,"date":"2025-01-30T17:28:04","date_gmt":"2025-01-30T17:28:04","guid":{"rendered":"https:\/\/minimaxglobalsolutions.com\/?page_id=53"},"modified":"2025-01-30T19:05:43","modified_gmt":"2025-01-30T19:05:43","slug":"flexibility","status":"publish","type":"page","link":"https:\/\/minimaxglobalsolutions.com\/fr\/services\/flexibility\/","title":{"rendered":"Flexibilit\u00e9"},"content":{"rendered":"<p>Nous travaillons avec des clients qui ont besoin de services flexibles tout au long de l\u2019ann\u00e9e. Les besoins des clients fluctuent souvent selon les demandes du march\u00e9. Que vous exp\u00e9diiez une palette par ann\u00e9e ou cent palettes avec diff\u00e9rentes exigences, vous pouvez compter sur nous pour vous offrir une solution de transport compl\u00e8te.<\/p>\n\n\n\n<p><\/p>","protected":false},"excerpt":{"rendered":"<p>Nous travaillons avec des clients qui ont besoin de services flexibles tout au long de l\u2019ann\u00e9e. Les besoins des clients fluctuent souvent selon les demandes du march\u00e9. Que vous exp\u00e9diiez une palette par ann\u00e9e ou cent palettes avec diff\u00e9rentes exigences, vous pouvez compter sur nous pour vous offrir une solution de transport compl\u00e8te.<\/p>","protected":false},"author":1,"featured_media":0,"parent":27,"menu_order":0,"comment_status":"closed","ping_status":"closed","template":"","meta":{"_et_pb_use_builder":"off","_et_pb_old_content":"","_et_gb_content_width":"","footnotes":""},"class_list":["post-53","page","type-page","status-publish","hentry"],"_links":{"self":[{"href":"https:\/\/minimaxglobalsolutions.com\/fr\/wp-json\/wp\/v2\/pages\/53","targetHints":{"allow":["GET"]}}],"collection":[{"href":"https:\/\/minimaxglobalsolutions.com\/fr\/wp-json\/wp\/v2\/pages"}],"about":[{"href":"https:\/\/minimaxglobalsolutions.com\/fr\/wp-json\/wp\/v2\/types\/page"}],"author":[{"embeddable":true,"href":"https:\/\/minimaxglobalsolutions.com\/fr\/wp-json\/wp\/v2\/users\/1"}],"replies":[{"embeddable":true,"href":"https:\/\/minimaxglobalsolutions.com\/fr\/wp-json\/wp\/v2\/comments?post=53"}],"version-history":[{"count":3,"href":"https:\/\/minimaxglobalsolutions.com\/fr\/wp-json\/wp\/v2\/pages\/53\/revisions"}],"predecessor-version":[{"id":1496,"href":"https:\/\/minimaxglobalsolutions.com\/fr\/wp-json\/wp\/v2\/pages\/53\/revisions\/1496"}],"up":[{"embeddable":true,"href":"https:\/\/minimaxglobalsolutions.com\/fr\/wp-json\/wp\/v2\/pages\/27"}],"wp:attachment":[{"href":"https:\/\/minimaxglobalsolutions.com\/fr\/wp-json\/wp\/v2\/media?parent=53"}],"curies":[{"name":"wp","href":"https:\/\/api.w.org\/{rel}","templated":true}]}}