{"id":55,"date":"2025-01-30T17:30:10","date_gmt":"2025-01-30T17:30:10","guid":{"rendered":"https:\/\/minimaxglobalsolutions.com\/?page_id=55"},"modified":"2025-01-30T17:30:11","modified_gmt":"2025-01-30T17:30:11","slug":"hazardous-materials","status":"publish","type":"page","link":"https:\/\/minimaxglobalsolutions.com\/fr\/services\/hazardous-materials\/","title":{"rendered":"Mati\u00e8res dangereuses"},"content":{"rendered":"<p>Nous avons des partenariats avec de nombreux transporteurs certifi\u00e9s pour le transport de mati\u00e8res dangereuses. Nous veillons toujours \u00e0 ce que nos transporteurs disposent de la documentation n\u00e9cessaire pour \u00e9tablir un itin\u00e9raire s\u00e9curitaire. Les documents appropri\u00e9s accompagnent l\u2019exp\u00e9dition du ramassage jusqu\u2019\u00e0 la livraison. En cas de d\u00e9versement ou d\u2019accident, nous avisons toutes les parties concern\u00e9es et nous assurons que les proc\u00e9dures appropri\u00e9es sont respect\u00e9es.<\/p>","protected":false},"excerpt":{"rendered":"<p>We have partnerships with many carriers that are hazardous certified to transport hazardous materials\/goods.&nbsp; We always make sure that our carriers are provided with the necessary documentation to establish a safe routing.&nbsp; Appropriate documentation stays with the shipments from pickup to delivery.&nbsp; In the event of a spill or accident, we notify all parties and [&hellip;]<\/p>\n","protected":false},"author":1,"featured_media":0,"parent":27,"menu_order":0,"comment_status":"closed","ping_status":"closed","template":"","meta":{"_et_pb_use_builder":"off","_et_pb_old_content":"","_et_gb_content_width":"","footnotes":""},"class_list":["post-55","page","type-page","status-publish","hentry"],"_links":{"self":[{"href":"https:\/\/minimaxglobalsolutions.com\/fr\/wp-json\/wp\/v2\/pages\/55","targetHints":{"allow":["GET"]}}],"collection":[{"href":"https:\/\/minimaxglobalsolutions.com\/fr\/wp-json\/wp\/v2\/pages"}],"about":[{"href":"https:\/\/minimaxglobalsolutions.com\/fr\/wp-json\/wp\/v2\/types\/page"}],"author":[{"embeddable":true,"href":"https:\/\/minimaxglobalsolutions.com\/fr\/wp-json\/wp\/v2\/users\/1"}],"replies":[{"embeddable":true,"href":"https:\/\/minimaxglobalsolutions.com\/fr\/wp-json\/wp\/v2\/comments?post=55"}],"version-history":[{"count":1,"href":"https:\/\/minimaxglobalsolutions.com\/fr\/wp-json\/wp\/v2\/pages\/55\/revisions"}],"predecessor-version":[{"id":56,"href":"https:\/\/minimaxglobalsolutions.com\/fr\/wp-json\/wp\/v2\/pages\/55\/revisions\/56"}],"up":[{"embeddable":true,"href":"https:\/\/minimaxglobalsolutions.com\/fr\/wp-json\/wp\/v2\/pages\/27"}],"wp:attachment":[{"href":"https:\/\/minimaxglobalsolutions.com\/fr\/wp-json\/wp\/v2\/media?parent=55"}],"curies":[{"name":"wp","href":"https:\/\/api.w.org\/{rel}","templated":true}]}}