{"id":57,"date":"2025-01-30T17:30:56","date_gmt":"2025-01-30T17:30:56","guid":{"rendered":"https:\/\/minimaxglobalsolutions.com\/?page_id=57"},"modified":"2025-01-30T17:30:56","modified_gmt":"2025-01-30T17:30:56","slug":"temperature-control","status":"publish","type":"page","link":"https:\/\/minimaxglobalsolutions.com\/fr\/services\/temperature-control\/","title":{"rendered":"Transport \u00e0 temp\u00e9rature contr\u00f4l\u00e9e"},"content":{"rendered":"<p>La m\u00e9t\u00e9o est un facteur important dans le transport. Les temp\u00e9ratures saisonni\u00e8res peuvent endommager certains produits. Des exigences de temp\u00e9rature peuvent \u00eatre demand\u00e9es afin de prot\u00e9ger les marchandises contre le gel, ou pour les maintenir fra\u00eeches, congel\u00e9es ou \u00e0 temp\u00e9rature ambiante pendant tout le processus de transport.<\/p>","protected":false},"excerpt":{"rendered":"<p>La m\u00e9t\u00e9o est un facteur important dans le transport. Les temp\u00e9ratures saisonni\u00e8res peuvent endommager certains produits. Des exigences de temp\u00e9rature peuvent \u00eatre demand\u00e9es afin de prot\u00e9ger les marchandises contre le gel, ou pour les maintenir fra\u00eeches, congel\u00e9es ou \u00e0 temp\u00e9rature ambiante pendant tout le processus de transport.<\/p>","protected":false},"author":1,"featured_media":0,"parent":27,"menu_order":0,"comment_status":"closed","ping_status":"closed","template":"","meta":{"_et_pb_use_builder":"off","_et_pb_old_content":"","_et_gb_content_width":"","footnotes":""},"class_list":["post-57","page","type-page","status-publish","hentry"],"_links":{"self":[{"href":"https:\/\/minimaxglobalsolutions.com\/fr\/wp-json\/wp\/v2\/pages\/57","targetHints":{"allow":["GET"]}}],"collection":[{"href":"https:\/\/minimaxglobalsolutions.com\/fr\/wp-json\/wp\/v2\/pages"}],"about":[{"href":"https:\/\/minimaxglobalsolutions.com\/fr\/wp-json\/wp\/v2\/types\/page"}],"author":[{"embeddable":true,"href":"https:\/\/minimaxglobalsolutions.com\/fr\/wp-json\/wp\/v2\/users\/1"}],"replies":[{"embeddable":true,"href":"https:\/\/minimaxglobalsolutions.com\/fr\/wp-json\/wp\/v2\/comments?post=57"}],"version-history":[{"count":1,"href":"https:\/\/minimaxglobalsolutions.com\/fr\/wp-json\/wp\/v2\/pages\/57\/revisions"}],"predecessor-version":[{"id":58,"href":"https:\/\/minimaxglobalsolutions.com\/fr\/wp-json\/wp\/v2\/pages\/57\/revisions\/58"}],"up":[{"embeddable":true,"href":"https:\/\/minimaxglobalsolutions.com\/fr\/wp-json\/wp\/v2\/pages\/27"}],"wp:attachment":[{"href":"https:\/\/minimaxglobalsolutions.com\/fr\/wp-json\/wp\/v2\/media?parent=57"}],"curies":[{"name":"wp","href":"https:\/\/api.w.org\/{rel}","templated":true}]}}