{"id":59,"date":"2025-01-30T17:31:25","date_gmt":"2025-01-30T17:31:25","guid":{"rendered":"https:\/\/minimaxglobalsolutions.com\/?page_id=59"},"modified":"2025-01-30T17:31:26","modified_gmt":"2025-01-30T17:31:26","slug":"global-services","status":"publish","type":"page","link":"https:\/\/minimaxglobalsolutions.com\/fr\/services\/global-services\/","title":{"rendered":"Services mondiaux"},"content":{"rendered":"<p>Gr\u00e2ce \u00e0 des partenaires strat\u00e9giques partout dans le monde, nous pouvons vous offrir des services maritimes, a\u00e9riens et intermodaux \u00e0 l\u2019\u00e9chelle mondiale.<\/p>\n\n\n\n<p>Si vous avez des mati\u00e8res premi\u00e8res ou des produits finis \u00e0 exp\u00e9dier \u00e0 l\u2019international, faites-le-nous savoir.<\/p>","protected":false},"excerpt":{"rendered":"<p>Through strategic partners around the world, we can offer Ocean \/ Air and intermodal services globally to you. If you have raw materials or finished goods to ship worldwide, let us know.<\/p>","protected":false},"author":1,"featured_media":0,"parent":27,"menu_order":0,"comment_status":"closed","ping_status":"closed","template":"","meta":{"_et_pb_use_builder":"off","_et_pb_old_content":"","_et_gb_content_width":"","footnotes":""},"class_list":["post-59","page","type-page","status-publish","hentry"],"_links":{"self":[{"href":"https:\/\/minimaxglobalsolutions.com\/fr\/wp-json\/wp\/v2\/pages\/59","targetHints":{"allow":["GET"]}}],"collection":[{"href":"https:\/\/minimaxglobalsolutions.com\/fr\/wp-json\/wp\/v2\/pages"}],"about":[{"href":"https:\/\/minimaxglobalsolutions.com\/fr\/wp-json\/wp\/v2\/types\/page"}],"author":[{"embeddable":true,"href":"https:\/\/minimaxglobalsolutions.com\/fr\/wp-json\/wp\/v2\/users\/1"}],"replies":[{"embeddable":true,"href":"https:\/\/minimaxglobalsolutions.com\/fr\/wp-json\/wp\/v2\/comments?post=59"}],"version-history":[{"count":1,"href":"https:\/\/minimaxglobalsolutions.com\/fr\/wp-json\/wp\/v2\/pages\/59\/revisions"}],"predecessor-version":[{"id":60,"href":"https:\/\/minimaxglobalsolutions.com\/fr\/wp-json\/wp\/v2\/pages\/59\/revisions\/60"}],"up":[{"embeddable":true,"href":"https:\/\/minimaxglobalsolutions.com\/fr\/wp-json\/wp\/v2\/pages\/27"}],"wp:attachment":[{"href":"https:\/\/minimaxglobalsolutions.com\/fr\/wp-json\/wp\/v2\/media?parent=59"}],"curies":[{"name":"wp","href":"https:\/\/api.w.org\/{rel}","templated":true}]}}