{"id":61,"date":"2025-01-30T17:32:05","date_gmt":"2025-01-30T17:32:05","guid":{"rendered":"https:\/\/minimaxglobalsolutions.com\/?page_id=61"},"modified":"2025-01-30T17:32:05","modified_gmt":"2025-01-30T17:32:05","slug":"container-work","status":"publish","type":"page","link":"https:\/\/minimaxglobalsolutions.com\/fr\/services\/container-work\/","title":{"rendered":"Transport par conteneurs"},"content":{"rendered":"<p>Le transport entre les ports et les gares ferroviaires est une pr\u00e9occupation croissante dans notre industrie. L\u2019\u00e9quipe MX Logistics a reconnu ce d\u00e9fi et a mis en place une solution unique et personnalis\u00e9e pour les conteneurs. Nous avons de l\u2019exp\u00e9rience dans le transport de B-Trains, conteneurs de 20\u2019, 40\u2019 et m\u00eame de 53\u2019 vers les terminaux ferroviaires. Nos partenaires sont certifi\u00e9s pour ramasser et\/ou livrer vos marchandises dans n\u2019importe quel port sur demande.<\/p>","protected":false},"excerpt":{"rendered":"<p>Transportation between ports or railyards continues to be a growing concern in our industry. The MX Logistics team recognized this concern and constructed a unique and custom-geared container solution.\u00a0 We have experience moving B-Trains, single 20\u2019, 40\u2019 and even 53\u2019 containers to the rail yard. Our partners are certified to pick up and\/or deliver your [&hellip;]<\/p>\n","protected":false},"author":1,"featured_media":0,"parent":27,"menu_order":0,"comment_status":"closed","ping_status":"closed","template":"","meta":{"_et_pb_use_builder":"off","_et_pb_old_content":"","_et_gb_content_width":"","footnotes":""},"class_list":["post-61","page","type-page","status-publish","hentry"],"_links":{"self":[{"href":"https:\/\/minimaxglobalsolutions.com\/fr\/wp-json\/wp\/v2\/pages\/61","targetHints":{"allow":["GET"]}}],"collection":[{"href":"https:\/\/minimaxglobalsolutions.com\/fr\/wp-json\/wp\/v2\/pages"}],"about":[{"href":"https:\/\/minimaxglobalsolutions.com\/fr\/wp-json\/wp\/v2\/types\/page"}],"author":[{"embeddable":true,"href":"https:\/\/minimaxglobalsolutions.com\/fr\/wp-json\/wp\/v2\/users\/1"}],"replies":[{"embeddable":true,"href":"https:\/\/minimaxglobalsolutions.com\/fr\/wp-json\/wp\/v2\/comments?post=61"}],"version-history":[{"count":1,"href":"https:\/\/minimaxglobalsolutions.com\/fr\/wp-json\/wp\/v2\/pages\/61\/revisions"}],"predecessor-version":[{"id":62,"href":"https:\/\/minimaxglobalsolutions.com\/fr\/wp-json\/wp\/v2\/pages\/61\/revisions\/62"}],"up":[{"embeddable":true,"href":"https:\/\/minimaxglobalsolutions.com\/fr\/wp-json\/wp\/v2\/pages\/27"}],"wp:attachment":[{"href":"https:\/\/minimaxglobalsolutions.com\/fr\/wp-json\/wp\/v2\/media?parent=61"}],"curies":[{"name":"wp","href":"https:\/\/api.w.org\/{rel}","templated":true}]}}