{"id":63,"date":"2025-01-30T17:33:07","date_gmt":"2025-01-30T17:33:07","guid":{"rendered":"https:\/\/minimaxglobalsolutions.com\/?page_id=63"},"modified":"2025-01-30T18:24:24","modified_gmt":"2025-01-30T18:24:24","slug":"warehousing","status":"publish","type":"page","link":"https:\/\/minimaxglobalsolutions.com\/fr\/services\/warehousing\/","title":{"rendered":"Entreposage, pr\u00e9paration de commandes (pick and pack), d\u00e9chargement de conteneurs"},"content":{"rendered":"<p>Avez-vous besoin d\u2019espace d\u2019entreposage suppl\u00e9mentaire pour vos besoins \u00e0 court ou \u00e0 long terme? Nous pouvons vous aider avec une vari\u00e9t\u00e9 de solutions d\u2019entreposage, y compris l\u2019entreposage \u00e0 temp\u00e9rature contr\u00f4l\u00e9e. Vous souhaitez aller plus loin? Nous pouvons faciliter et g\u00e9rer vos op\u00e9rations de pr\u00e9paration de commandes (pick and pack) pour l\u2019ex\u00e9cution de vos commandes.<\/p>\n\n\n\n<p>Nous reconnaissons que notre industrie peut pr\u00e9senter des d\u00e9fis uniques. Il nous appartient de fournir des solutions adapt\u00e9es \u00e0 nos clients. Par exemple, plusieurs de nos clients ont besoin d\u2019un service de d\u00e9chargement de conteneurs et de palettisation. Avec l\u2019aide de nos partenaires, nous sommes en mesure d\u2019offrir ce service afin d\u2019assurer un transport efficace et optimal.<\/p>","protected":false},"excerpt":{"rendered":"<p>Do you need additional storage space for your short term and\/or long-term storage needs? We can assist you with a variety of warehousing needs, including optional temperature controlled storage. Need to take warehousing one-step further? We can facilitate and manage your pick and pack operations for order fulfilment. We recognize that our industry can introduce [&hellip;]<\/p>\n","protected":false},"author":1,"featured_media":0,"parent":27,"menu_order":0,"comment_status":"closed","ping_status":"closed","template":"","meta":{"_et_pb_use_builder":"off","_et_pb_old_content":"","_et_gb_content_width":"","footnotes":""},"class_list":["post-63","page","type-page","status-publish","hentry"],"_links":{"self":[{"href":"https:\/\/minimaxglobalsolutions.com\/fr\/wp-json\/wp\/v2\/pages\/63","targetHints":{"allow":["GET"]}}],"collection":[{"href":"https:\/\/minimaxglobalsolutions.com\/fr\/wp-json\/wp\/v2\/pages"}],"about":[{"href":"https:\/\/minimaxglobalsolutions.com\/fr\/wp-json\/wp\/v2\/types\/page"}],"author":[{"embeddable":true,"href":"https:\/\/minimaxglobalsolutions.com\/fr\/wp-json\/wp\/v2\/users\/1"}],"replies":[{"embeddable":true,"href":"https:\/\/minimaxglobalsolutions.com\/fr\/wp-json\/wp\/v2\/comments?post=63"}],"version-history":[{"count":1,"href":"https:\/\/minimaxglobalsolutions.com\/fr\/wp-json\/wp\/v2\/pages\/63\/revisions"}],"predecessor-version":[{"id":64,"href":"https:\/\/minimaxglobalsolutions.com\/fr\/wp-json\/wp\/v2\/pages\/63\/revisions\/64"}],"up":[{"embeddable":true,"href":"https:\/\/minimaxglobalsolutions.com\/fr\/wp-json\/wp\/v2\/pages\/27"}],"wp:attachment":[{"href":"https:\/\/minimaxglobalsolutions.com\/fr\/wp-json\/wp\/v2\/media?parent=63"}],"curies":[{"name":"wp","href":"https:\/\/api.w.org\/{rel}","templated":true}]}}