{"id":65,"date":"2025-01-30T17:33:53","date_gmt":"2025-01-30T17:33:53","guid":{"rendered":"https:\/\/minimaxglobalsolutions.com\/?page_id=65"},"modified":"2025-01-30T17:33:54","modified_gmt":"2025-01-30T17:33:54","slug":"white-glove","status":"publish","type":"page","link":"https:\/\/minimaxglobalsolutions.com\/fr\/services\/white-glove\/","title":{"rendered":"Services suppl\u00e9mentaires \/ service haut de gamme (White Glove)"},"content":{"rendered":"<p>Ce service sp\u00e9cialis\u00e9 est r\u00e9serv\u00e9 aux exp\u00e9ditions qui n\u00e9cessitent un soin particulier et une attention suppl\u00e9mentaire. Ces services comprennent notamment : livraisons de fin de semaine, apr\u00e8s les heures normales, salons commerciaux, fermes, livraisons \u00e0 l\u2019int\u00e9rieur, assistance du chauffeur, \u00e9quipe de deux personnes avec hayon \u00e9l\u00e9vateur, et bien plus encore.<\/p>\n\n\n\n<p>Faites-nous part de vos besoins sp\u00e9cifiques et nous \u00e9laborerons une solution adapt\u00e9e \u00e0 vos exigences et \u00e0 votre budget.<\/p>","protected":false},"excerpt":{"rendered":"<p>This specialized service is reserved for shipments that require extra care and more attention. These services include, weekend deliveries, after hours, trade shows, farms, inside deliveries, driver assist, two man with tailgates and much more. Let us know your specific needs and we will construct a solution that works best for you and your budget.<\/p>","protected":false},"author":1,"featured_media":0,"parent":27,"menu_order":0,"comment_status":"closed","ping_status":"closed","template":"","meta":{"_et_pb_use_builder":"off","_et_pb_old_content":"","_et_gb_content_width":"","footnotes":""},"class_list":["post-65","page","type-page","status-publish","hentry"],"_links":{"self":[{"href":"https:\/\/minimaxglobalsolutions.com\/fr\/wp-json\/wp\/v2\/pages\/65","targetHints":{"allow":["GET"]}}],"collection":[{"href":"https:\/\/minimaxglobalsolutions.com\/fr\/wp-json\/wp\/v2\/pages"}],"about":[{"href":"https:\/\/minimaxglobalsolutions.com\/fr\/wp-json\/wp\/v2\/types\/page"}],"author":[{"embeddable":true,"href":"https:\/\/minimaxglobalsolutions.com\/fr\/wp-json\/wp\/v2\/users\/1"}],"replies":[{"embeddable":true,"href":"https:\/\/minimaxglobalsolutions.com\/fr\/wp-json\/wp\/v2\/comments?post=65"}],"version-history":[{"count":1,"href":"https:\/\/minimaxglobalsolutions.com\/fr\/wp-json\/wp\/v2\/pages\/65\/revisions"}],"predecessor-version":[{"id":66,"href":"https:\/\/minimaxglobalsolutions.com\/fr\/wp-json\/wp\/v2\/pages\/65\/revisions\/66"}],"up":[{"embeddable":true,"href":"https:\/\/minimaxglobalsolutions.com\/fr\/wp-json\/wp\/v2\/pages\/27"}],"wp:attachment":[{"href":"https:\/\/minimaxglobalsolutions.com\/fr\/wp-json\/wp\/v2\/media?parent=65"}],"curies":[{"name":"wp","href":"https:\/\/api.w.org\/{rel}","templated":true}]}}