{"id":67,"date":"2025-01-30T17:34:41","date_gmt":"2025-01-30T17:34:41","guid":{"rendered":"https:\/\/minimaxglobalsolutions.com\/?page_id=67"},"modified":"2025-01-30T17:34:42","modified_gmt":"2025-01-30T17:34:42","slug":"pickups-deliveries","status":"publish","type":"page","link":"https:\/\/minimaxglobalsolutions.com\/fr\/services\/pickups-deliveries\/","title":{"rendered":"Ramassages et livraisons"},"content":{"rendered":"<p>Avez-vous des demandes sp\u00e9cifiques de ramassage? Avez-vous besoin d\u2019aide pour d\u00e9charger votre marchandise \u00e0 la livraison? Votre destination finale poss\u00e8de-t-elle un quai de chargement ou n\u00e9cessite-t-elle un rendez-vous pr\u00e9cis? Nous vous aiderons \u00e0 g\u00e9rer tous les petits d\u00e9tails afin que votre exp\u00e9dition se d\u00e9roule de mani\u00e8re fluide et transparente.<\/p>","protected":false},"excerpt":{"rendered":"<p>Avez-vous des demandes sp\u00e9cifiques de ramassage? Avez-vous besoin d\u2019aide pour d\u00e9charger votre marchandise \u00e0 la livraison? Votre destination finale poss\u00e8de-t-elle un quai de chargement ou n\u00e9cessite-t-elle un rendez-vous pr\u00e9cis? Nous vous aiderons \u00e0 g\u00e9rer tous les petits d\u00e9tails afin que votre exp\u00e9dition se d\u00e9roule de mani\u00e8re fluide et transparente.<\/p>","protected":false},"author":1,"featured_media":0,"parent":27,"menu_order":0,"comment_status":"closed","ping_status":"closed","template":"","meta":{"_et_pb_use_builder":"off","_et_pb_old_content":"","_et_gb_content_width":"","footnotes":""},"class_list":["post-67","page","type-page","status-publish","hentry"],"_links":{"self":[{"href":"https:\/\/minimaxglobalsolutions.com\/fr\/wp-json\/wp\/v2\/pages\/67","targetHints":{"allow":["GET"]}}],"collection":[{"href":"https:\/\/minimaxglobalsolutions.com\/fr\/wp-json\/wp\/v2\/pages"}],"about":[{"href":"https:\/\/minimaxglobalsolutions.com\/fr\/wp-json\/wp\/v2\/types\/page"}],"author":[{"embeddable":true,"href":"https:\/\/minimaxglobalsolutions.com\/fr\/wp-json\/wp\/v2\/users\/1"}],"replies":[{"embeddable":true,"href":"https:\/\/minimaxglobalsolutions.com\/fr\/wp-json\/wp\/v2\/comments?post=67"}],"version-history":[{"count":1,"href":"https:\/\/minimaxglobalsolutions.com\/fr\/wp-json\/wp\/v2\/pages\/67\/revisions"}],"predecessor-version":[{"id":68,"href":"https:\/\/minimaxglobalsolutions.com\/fr\/wp-json\/wp\/v2\/pages\/67\/revisions\/68"}],"up":[{"embeddable":true,"href":"https:\/\/minimaxglobalsolutions.com\/fr\/wp-json\/wp\/v2\/pages\/27"}],"wp:attachment":[{"href":"https:\/\/minimaxglobalsolutions.com\/fr\/wp-json\/wp\/v2\/media?parent=67"}],"curies":[{"name":"wp","href":"https:\/\/api.w.org\/{rel}","templated":true}]}}