{"id":69,"date":"2025-01-30T17:35:10","date_gmt":"2025-01-30T17:35:10","guid":{"rendered":"https:\/\/minimaxglobalsolutions.com\/?page_id=69"},"modified":"2025-01-30T17:35:11","modified_gmt":"2025-01-30T17:35:11","slug":"safety-security","status":"publish","type":"page","link":"https:\/\/minimaxglobalsolutions.com\/fr\/services\/safety-security\/","title":{"rendered":"S\u00e9curit\u00e9 et s\u00fbret\u00e9"},"content":{"rendered":"<p>Dans un monde en constante \u00e9volution, la s\u00e9curit\u00e9 et la s\u00fbret\u00e9 sont une priorit\u00e9. Tous nos partenaires disposent des plus r\u00e9cents syst\u00e8mes de suivi GPS, ce qui nous permet de fournir des mises \u00e0 jour pr\u00e9cises sur l\u2019emplacement tout au long du processus de transport.  Nos partenaires sont certifi\u00e9s CTPAT (Customs Trade Partnership Against Terrorism) et PIP (Partners in Protection), ce qui garantit que votre marchandise est entre de bonnes mains.  Nous disposons de plusieurs cours et entrep\u00f4ts \u00e9quip\u00e9s de syst\u00e8mes de s\u00e9curit\u00e9 efficaces, assurant un entreposage sans souci.  Nos partenaires am\u00e9ricains comptent des chauffeurs approuv\u00e9s FAST (Free and Secure Trade), ce qui nous donne acc\u00e8s \u00e0 des voies douani\u00e8res d\u00e9di\u00e9es et \u00e0 des passages frontaliers plus rapides et efficaces. L\u2019approbation FAST permet \u00e9galement de r\u00e9duire les co\u00fbts et les d\u00e9lais en \u00e9vitant les retards impr\u00e9vus \u00e0 la fronti\u00e8re.<\/p>","protected":false},"excerpt":{"rendered":"<p>In this ever-changing world, safety and security is a priority.&nbsp; All our partners have the latest GPS tracking systems which allows us to provide accurate location updates throughout the transportation process.&nbsp; Our partners are CTPAT (Customs Trade Partnership against Terrorism) and PIP (Partners in Protection) certified, so your freight is guaranteed to be in trusted [&hellip;]<\/p>\n","protected":false},"author":1,"featured_media":0,"parent":27,"menu_order":0,"comment_status":"closed","ping_status":"closed","template":"","meta":{"_et_pb_use_builder":"off","_et_pb_old_content":"","_et_gb_content_width":"","footnotes":""},"class_list":["post-69","page","type-page","status-publish","hentry"],"_links":{"self":[{"href":"https:\/\/minimaxglobalsolutions.com\/fr\/wp-json\/wp\/v2\/pages\/69","targetHints":{"allow":["GET"]}}],"collection":[{"href":"https:\/\/minimaxglobalsolutions.com\/fr\/wp-json\/wp\/v2\/pages"}],"about":[{"href":"https:\/\/minimaxglobalsolutions.com\/fr\/wp-json\/wp\/v2\/types\/page"}],"author":[{"embeddable":true,"href":"https:\/\/minimaxglobalsolutions.com\/fr\/wp-json\/wp\/v2\/users\/1"}],"replies":[{"embeddable":true,"href":"https:\/\/minimaxglobalsolutions.com\/fr\/wp-json\/wp\/v2\/comments?post=69"}],"version-history":[{"count":1,"href":"https:\/\/minimaxglobalsolutions.com\/fr\/wp-json\/wp\/v2\/pages\/69\/revisions"}],"predecessor-version":[{"id":70,"href":"https:\/\/minimaxglobalsolutions.com\/fr\/wp-json\/wp\/v2\/pages\/69\/revisions\/70"}],"up":[{"embeddable":true,"href":"https:\/\/minimaxglobalsolutions.com\/fr\/wp-json\/wp\/v2\/pages\/27"}],"wp:attachment":[{"href":"https:\/\/minimaxglobalsolutions.com\/fr\/wp-json\/wp\/v2\/media?parent=69"}],"curies":[{"name":"wp","href":"https:\/\/api.w.org\/{rel}","templated":true}]}}