{"id":71,"date":"2025-01-30T17:36:05","date_gmt":"2025-01-30T17:36:05","guid":{"rendered":"https:\/\/minimaxglobalsolutions.com\/?page_id=71"},"modified":"2025-01-30T17:36:06","modified_gmt":"2025-01-30T17:36:06","slug":"technology","status":"publish","type":"page","link":"https:\/\/minimaxglobalsolutions.com\/fr\/services\/technology\/","title":{"rendered":"Technologie"},"content":{"rendered":"<p>Notre vaste r\u00e9seau de partenaires nous permet d\u2019offrir une grande vari\u00e9t\u00e9 d\u2019\u00e9quipements sp\u00e9cialis\u00e9s, notamment : citernes, remorques \u00e0 plateau (flatbed), rideaux lat\u00e9raux (curtain side), transport hors dimensions, charges lourdes, et bien plus encore.<\/p>","protected":false},"excerpt":{"rendered":"<p>Notre vaste r\u00e9seau de partenaires nous permet d\u2019offrir une grande vari\u00e9t\u00e9 d\u2019\u00e9quipements sp\u00e9cialis\u00e9s, notamment : citernes, remorques \u00e0 plateau (flatbed), rideaux lat\u00e9raux (curtain side), transport hors dimensions, charges lourdes, et bien plus encore.<\/p>","protected":false},"author":1,"featured_media":0,"parent":27,"menu_order":0,"comment_status":"closed","ping_status":"closed","template":"","meta":{"_et_pb_use_builder":"off","_et_pb_old_content":"","_et_gb_content_width":"","footnotes":""},"class_list":["post-71","page","type-page","status-publish","hentry"],"_links":{"self":[{"href":"https:\/\/minimaxglobalsolutions.com\/fr\/wp-json\/wp\/v2\/pages\/71","targetHints":{"allow":["GET"]}}],"collection":[{"href":"https:\/\/minimaxglobalsolutions.com\/fr\/wp-json\/wp\/v2\/pages"}],"about":[{"href":"https:\/\/minimaxglobalsolutions.com\/fr\/wp-json\/wp\/v2\/types\/page"}],"author":[{"embeddable":true,"href":"https:\/\/minimaxglobalsolutions.com\/fr\/wp-json\/wp\/v2\/users\/1"}],"replies":[{"embeddable":true,"href":"https:\/\/minimaxglobalsolutions.com\/fr\/wp-json\/wp\/v2\/comments?post=71"}],"version-history":[{"count":1,"href":"https:\/\/minimaxglobalsolutions.com\/fr\/wp-json\/wp\/v2\/pages\/71\/revisions"}],"predecessor-version":[{"id":72,"href":"https:\/\/minimaxglobalsolutions.com\/fr\/wp-json\/wp\/v2\/pages\/71\/revisions\/72"}],"up":[{"embeddable":true,"href":"https:\/\/minimaxglobalsolutions.com\/fr\/wp-json\/wp\/v2\/pages\/27"}],"wp:attachment":[{"href":"https:\/\/minimaxglobalsolutions.com\/fr\/wp-json\/wp\/v2\/media?parent=71"}],"curies":[{"name":"wp","href":"https:\/\/api.w.org\/{rel}","templated":true}]}}